{"id":73,"date":"2014-05-05T13:38:06","date_gmt":"2014-05-05T13:38:06","guid":{"rendered":"http:\/\/test.tvbuchs-zh.ch\/wordpress\/?page_id=73"},"modified":"2026-01-19T09:28:58","modified_gmt":"2026-01-19T07:28:58","slug":"vorstellung-der-damenriege","status":"publish","type":"page","link":"https:\/\/tvbuchs-zh.ch\/wordpress\/damenriege\/vorstellung-der-damenriege\/","title":{"rendered":"Vorstellung der Damenriege"},"content":{"rendered":"\n<div class=\"wp-block-image\"><figure class=\"aligncenter size-medium\"><a href=\"https:\/\/tvbuchs-zh.ch\/wordpress\/wp-content\/uploads\/2022\/04\/Logo-DR.jpg\"><img loading=\"lazy\" decoding=\"async\" width=\"300\" height=\"107\" src=\"https:\/\/tvbuchs-zh.ch\/wordpress\/wp-content\/uploads\/2022\/04\/Logo-DR-300x107.jpg\" alt=\"\" class=\"wp-image-1856\" srcset=\"https:\/\/tvbuchs-zh.ch\/wordpress\/wp-content\/uploads\/2022\/04\/Logo-DR-300x107.jpg 300w, https:\/\/tvbuchs-zh.ch\/wordpress\/wp-content\/uploads\/2022\/04\/Logo-DR-1024x366.jpg 1024w, https:\/\/tvbuchs-zh.ch\/wordpress\/wp-content\/uploads\/2022\/04\/Logo-DR-768x274.jpg 768w, https:\/\/tvbuchs-zh.ch\/wordpress\/wp-content\/uploads\/2022\/04\/Logo-DR-1536x549.jpg 1536w, https:\/\/tvbuchs-zh.ch\/wordpress\/wp-content\/uploads\/2022\/04\/Logo-DR-1200x429.jpg 1200w, https:\/\/tvbuchs-zh.ch\/wordpress\/wp-content\/uploads\/2022\/04\/Logo-DR.jpg 1984w\" sizes=\"auto, (max-width: 300px) 85vw, 300px\" \/><\/a><\/figure><\/div>\n\n\n\n<figure class=\"wp-block-image size-large\"><a href=\"https:\/\/tvbuchs-zh.ch\/wordpress\/wp-content\/uploads\/2026\/01\/DRAktuell-2025-scaled.jpg\"><img loading=\"lazy\" decoding=\"async\" width=\"1024\" height=\"778\" src=\"https:\/\/tvbuchs-zh.ch\/wordpress\/wp-content\/uploads\/2026\/01\/DRAktuell-2025-1024x778.jpg\" alt=\"\" class=\"wp-image-3020\" srcset=\"https:\/\/tvbuchs-zh.ch\/wordpress\/wp-content\/uploads\/2026\/01\/DRAktuell-2025-1024x778.jpg 1024w, https:\/\/tvbuchs-zh.ch\/wordpress\/wp-content\/uploads\/2026\/01\/DRAktuell-2025-300x228.jpg 300w, https:\/\/tvbuchs-zh.ch\/wordpress\/wp-content\/uploads\/2026\/01\/DRAktuell-2025-768x584.jpg 768w, https:\/\/tvbuchs-zh.ch\/wordpress\/wp-content\/uploads\/2026\/01\/DRAktuell-2025-1536x1168.jpg 1536w, https:\/\/tvbuchs-zh.ch\/wordpress\/wp-content\/uploads\/2026\/01\/DRAktuell-2025-2048x1557.jpg 2048w, https:\/\/tvbuchs-zh.ch\/wordpress\/wp-content\/uploads\/2026\/01\/DRAktuell-2025-1200x912.jpg 1200w\" sizes=\"auto, (max-width: 709px) 85vw, (max-width: 909px) 67vw, (max-width: 1362px) 62vw, 840px\" \/><\/a><\/figure>\n\n\n\n<p class=\"has-medium-font-size\"><strong>Damenriege Aktive<\/strong><\/p>\n\n\n\n<p class=\"has-small-font-size\"><em>Das Sportprogramm der Aktiven bietet den Turnerinnen eine grosse Vielfalt. Mal schwitzen und schnaufen wir beim anspruchsvollen Konditionstraining, mal lachen wir Tr\u00e4nen bei verschiedenen Gruppenspielen, mal stossen wir an unsere Grenzen beim Kraftaufbau und mal sind wir bei Sommerwetter joggend und walkend unterwegs. Und eines darf man nicht vergessen, vor allem beim Chr\u00e4nzli sind wir alle mit Herzblut fleissig dabei!<\/em><\/p>\n\n\n\n<p><\/p>\n\n\n\n<figure class=\"wp-block-image size-large\"><a href=\"https:\/\/tvbuchs-zh.ch\/wordpress\/wp-content\/uploads\/2024\/02\/Damenriege-reif-scaled.jpg\"><img loading=\"lazy\" decoding=\"async\" width=\"1024\" height=\"768\" src=\"https:\/\/tvbuchs-zh.ch\/wordpress\/wp-content\/uploads\/2024\/02\/Damenriege-reif-1024x768.jpg\" alt=\"\" class=\"wp-image-2301\" srcset=\"https:\/\/tvbuchs-zh.ch\/wordpress\/wp-content\/uploads\/2024\/02\/Damenriege-reif-1024x768.jpg 1024w, https:\/\/tvbuchs-zh.ch\/wordpress\/wp-content\/uploads\/2024\/02\/Damenriege-reif-300x225.jpg 300w, https:\/\/tvbuchs-zh.ch\/wordpress\/wp-content\/uploads\/2024\/02\/Damenriege-reif-768x576.jpg 768w, https:\/\/tvbuchs-zh.ch\/wordpress\/wp-content\/uploads\/2024\/02\/Damenriege-reif-1536x1152.jpg 1536w, https:\/\/tvbuchs-zh.ch\/wordpress\/wp-content\/uploads\/2024\/02\/Damenriege-reif-2048x1536.jpg 2048w, https:\/\/tvbuchs-zh.ch\/wordpress\/wp-content\/uploads\/2024\/02\/Damenriege-reif-1200x900.jpg 1200w\" sizes=\"auto, (max-width: 709px) 85vw, (max-width: 909px) 67vw, (max-width: 1362px) 62vw, 840px\" \/><\/a><\/figure>\n\n\n\n<p class=\"has-medium-font-size\"><strong>Damenriege 2&nbsp;<\/strong><\/p>\n\n\n\n<p class=\"has-small-font-size\"><em>Ohne fixe Altersabgrenzung in den beiden Gruppen der Damenriege ist bei unserem Sportprogramm f\u00fcr jede etwas dabei! Mit \u00dcbungen f\u00fcr Kraft und Ausdauer, Spielen und Aerobic halten wir uns fit.<br>Wir nehmen gemeinsam am Frauensporttag teil und sind aktiv an Anl\u00e4ssen im Dorf dabei.&nbsp;<\/em><\/p>\n\n\n\n<div class=\"wp-block-cover aligncenter has-background-dim-10 has-background-dim\" style=\"min-height:503px;aspect-ratio:unset;\"><img loading=\"lazy\" decoding=\"async\" width=\"2560\" height=\"1968\" class=\"wp-block-cover__image-background wp-image-3022\" alt=\"\" src=\"https:\/\/tvbuchs-zh.ch\/wordpress\/wp-content\/uploads\/2026\/01\/DR2-2025-scaled.jpg\" style=\"object-position:50% 50%\" data-object-fit=\"cover\" data-object-position=\"50% 50%\" srcset=\"https:\/\/tvbuchs-zh.ch\/wordpress\/wp-content\/uploads\/2026\/01\/DR2-2025-scaled.jpg 2560w, https:\/\/tvbuchs-zh.ch\/wordpress\/wp-content\/uploads\/2026\/01\/DR2-2025-300x231.jpg 300w, https:\/\/tvbuchs-zh.ch\/wordpress\/wp-content\/uploads\/2026\/01\/DR2-2025-1024x787.jpg 1024w, https:\/\/tvbuchs-zh.ch\/wordpress\/wp-content\/uploads\/2026\/01\/DR2-2025-768x590.jpg 768w, https:\/\/tvbuchs-zh.ch\/wordpress\/wp-content\/uploads\/2026\/01\/DR2-2025-1536x1181.jpg 1536w, https:\/\/tvbuchs-zh.ch\/wordpress\/wp-content\/uploads\/2026\/01\/DR2-2025-2048x1575.jpg 2048w, https:\/\/tvbuchs-zh.ch\/wordpress\/wp-content\/uploads\/2026\/01\/DR2-2025-1200x923.jpg 1200w\" sizes=\"auto, (max-width: 709px) 85vw, (max-width: 909px) 67vw, (max-width: 1362px) 62vw, 840px\" \/><div class=\"wp-block-cover__inner-container is-layout-flow wp-block-cover-is-layout-flow\">\n<p class=\"has-text-align-center\" style=\"font-size:30px;line-height:2.2\"><sub><span style=\"color:#ffffff\" class=\"has-inline-color\"><em>Wir freuen uns immer auf neue Mitglieder!<\/em><\/span><\/sub><\/p>\n<\/div><\/div>\n","protected":false},"excerpt":{"rendered":"<p>Damenriege Aktive Das Sportprogramm der Aktiven bietet den Turnerinnen eine grosse Vielfalt. Mal schwitzen und schnaufen wir beim anspruchsvollen Konditionstraining, mal lachen wir Tr\u00e4nen bei verschiedenen Gruppenspielen, mal stossen wir an unsere Grenzen beim Kraftaufbau und mal sind wir bei Sommerwetter joggend und walkend unterwegs. Und eines darf man nicht vergessen, vor allem beim Chr\u00e4nzli &hellip; <a href=\"https:\/\/tvbuchs-zh.ch\/wordpress\/damenriege\/vorstellung-der-damenriege\/\" class=\"more-link\">Continue reading<span class=\"screen-reader-text\"> &#8220;Vorstellung der Damenriege&#8221;<\/span><\/a><\/p>\n","protected":false},"author":1,"featured_media":0,"parent":14,"menu_order":0,"comment_status":"closed","ping_status":"closed","template":"","meta":{"ngg_post_thumbnail":0,"footnotes":""},"class_list":["post-73","page","type-page","status-publish","hentry"],"_links":{"self":[{"href":"https:\/\/tvbuchs-zh.ch\/wordpress\/wp-json\/wp\/v2\/pages\/73","targetHints":{"allow":["GET"]}}],"collection":[{"href":"https:\/\/tvbuchs-zh.ch\/wordpress\/wp-json\/wp\/v2\/pages"}],"about":[{"href":"https:\/\/tvbuchs-zh.ch\/wordpress\/wp-json\/wp\/v2\/types\/page"}],"author":[{"embeddable":true,"href":"https:\/\/tvbuchs-zh.ch\/wordpress\/wp-json\/wp\/v2\/users\/1"}],"replies":[{"embeddable":true,"href":"https:\/\/tvbuchs-zh.ch\/wordpress\/wp-json\/wp\/v2\/comments?post=73"}],"version-history":[{"count":26,"href":"https:\/\/tvbuchs-zh.ch\/wordpress\/wp-json\/wp\/v2\/pages\/73\/revisions"}],"predecessor-version":[{"id":3025,"href":"https:\/\/tvbuchs-zh.ch\/wordpress\/wp-json\/wp\/v2\/pages\/73\/revisions\/3025"}],"up":[{"embeddable":true,"href":"https:\/\/tvbuchs-zh.ch\/wordpress\/wp-json\/wp\/v2\/pages\/14"}],"wp:attachment":[{"href":"https:\/\/tvbuchs-zh.ch\/wordpress\/wp-json\/wp\/v2\/media?parent=73"}],"curies":[{"name":"wp","href":"https:\/\/api.w.org\/{rel}","templated":true}]}}